{"id":106,"date":"2020-11-12T16:44:57","date_gmt":"2020-11-12T14:44:57","guid":{"rendered":"http:\/\/www.wenzel-heizung.de\/wordpress\/?page_id=106"},"modified":"2022-03-15T20:38:44","modified_gmt":"2022-03-15T18:38:44","slug":"leistungen","status":"publish","type":"page","link":"https:\/\/www.wenzel-heizung.de\/?page_id=106","title":{"rendered":"Leistungen"},"content":{"rendered":"<h1>Unsere Leistungen<\/h1>\n<p>Der Meisterbetrieb Wenzel bietet einen umfangreichen und kompetenten Sanit\u00e4r- und Heizungsservice. Die Verwendung von qualitativ hochwertigen Produkten sowie die fachkompetente und zuverl\u00e4ssige Projektausf\u00fchrung ist f\u00fcr uns selbstverst\u00e4ndlich. Eine ehrliche und professionelle Zusammenarbeit mit unseren Kunden liegt uns besonders am Herzen.<br \/>\nUnser Einsatzgebiet reicht \u00fcber die Landkreise Roth, Wei\u00dfenburg-Gunzenhausen und Ansbach (s\u00fcdliches Mittelfranken).<\/p>\n<h2>Heizung<\/h2>\n<p>Wenzel Heizungsbau ist als Meisterbetrieb der Profi rund um das Thema Heizung. Wir unterst\u00fctzen Sie sowohl bei Neubau als auch bei der Modernisierung und arbeiten mit hochwertigen Produkten von namhaften Herstellern wie Hoval, Fr\u00f6ling, Wolff oder Buderus.<br \/>\n&#8211; Innovative Heizsysteme<br \/>\n&#8211; Holz und Pelletsysteme<br \/>\n&#8211; \u00d6l- und Gas Brennwertanlagen<br \/>\n&#8211; W\u00e4rmespeichersysteme<br \/>\n&#8211; W\u00e4rmepumpen<br \/>\n&#8211; Anlagenbau<br \/>\n&#8211; Mobile Heizzentrale (Kesselaustausch ohne Unterbrechung von Heizung und Warmwasser)<br \/>\n&#8211; Wartungsarbeiten<br \/>\n&#8211; Kundendienst<br \/>\n&#8211; 24-h-Notdienst<\/p>\n<h2>Beratung und Planung<\/h2>\n<p>Von der individuellen Planung und Beratung bis zur Installation.<br \/>\n&#8211; Energieberatung<br \/>\n&#8211; Heizungs- und Energiechecks<br \/>\n&#8211; Aus Alt mach Neu<\/p>\n<h2>Reparatur- und Wartungsdienst<\/h2>\n<p>Bei St\u00f6rungen oder Sch\u00e4den bieten wir unseren Kunden einen zuverl\u00e4ssigen Reparatur- und Wartungsservice. Eine regelm\u00e4\u00dfige Wartung Ihrer Heizung dient dazu, diesen Problemen und somit h\u00f6heren Kosten durch Sch\u00e4den vorzubeugen. Wir \u00fcbernehmen gerne diese Aufgabe. Sprechen Sie mit uns. Kundenzufriedenheit, Qualit\u00e4t und Service werden bei Wenzel Haustechnik ganz besonders gro\u00df geschrieben.<\/p>\n<h2>24-Stunden-Notdienst<\/h2>\n<p>Mit unserem Notdienst zu fairen Preisen bieten wir Ihnen daher auch au\u00dferhalb der Gesch\u00e4ftszeiten kompetenten und qualifizierten Kundendienst \u2013 und das 24 Stunden am Tag, 7 Tage die Woche. Wenzel Haustechnik l\u00e4sst seine Kunden nicht im Regen stehen. Wir bieten den Notdienst nicht nur f\u00fcr unsere eigenen Kunden, sondern f\u00fcr alle, die uns rufen. Und auch der Einsatz von Markenfabrikaten sowie bew\u00e4hrten Materialien ist f\u00fcr uns eine Selbstverst\u00e4ndlichkeit.<\/p>\n<h2>B\u00e4der und Sanit\u00e4rtechnik<\/h2>\n<p>Ob es nun ein komplettes Bad oder nur eine &#8222;Kleinigkeit&#8220; sein soll. Wir begleiten Sie von der Planung bis zur Fertigstellung ihres individuellen Traumbades.\u00a0Wir haben f\u00fcr jeden Wunsch das richtige Produkt.<br \/>\n&#8211; Wellness- &amp; Traumb\u00e4der<br \/>\n&#8211; Barrierefreie B\u00e4der<br \/>\n&#8211; Sanit\u00e4rtechnik<\/p>\n<h2>Solarsysteme<\/h2>\n<p>Seit 1978 bietet die Wenzel GmbH ihren Kunden professionelle Solartechnik.<\/p>\n<h2>Umwelttechnik<\/h2>\n<h2>L\u00fcftungstechnik<\/h2>\n<h2>Moderne Haustechnik<\/h2>\n<h2>Spenglerei<\/h2>\n<p>Wir blechen um und auf Ihrem Haus alles ein was einzublechen ist. Fragen Sie uns, wir stehen mit Rat und Tat zu Ihrer Verf\u00fcgung.<br \/>\n&#8211; Bauspenglerei und Blecharbeiten<\/p>\n","protected":false},"excerpt":{"rendered":"<p>Unsere Leistungen Der Meisterbetrieb Wenzel bietet einen umfangreichen und kompetenten Sanit\u00e4r- und Heizungsservice. Die Verwendung von qualitativ hochwertigen Produkten sowie die fachkompetente und zuverl\u00e4ssige Projektausf\u00fchrung ist f\u00fcr uns selbstverst\u00e4ndlich. Eine ehrliche und professionelle Zusammenarbeit mit unseren Kunden liegt uns besonders am Herzen. Unser Einsatzgebiet reicht \u00fcber die Landkreise Roth, Wei\u00dfenburg-Gunzenhausen und Ansbach (s\u00fcdliches Mittelfranken). Heizung &#8230; <a title=\"Leistungen\" class=\"read-more\" href=\"https:\/\/www.wenzel-heizung.de\/?page_id=106\" aria-label=\"Mehr dazu unter Leistungen\">Weiterlesen<\/a><\/p>\n","protected":false},"author":1,"featured_media":0,"parent":0,"menu_order":0,"comment_status":"closed","ping_status":"closed","template":"","meta":{"footnotes":""},"_links":{"self":[{"href":"https:\/\/www.wenzel-heizung.de\/index.php?rest_route=\/wp\/v2\/pages\/106"}],"collection":[{"href":"https:\/\/www.wenzel-heizung.de\/index.php?rest_route=\/wp\/v2\/pages"}],"about":[{"href":"https:\/\/www.wenzel-heizung.de\/index.php?rest_route=\/wp\/v2\/types\/page"}],"author":[{"embeddable":true,"href":"https:\/\/www.wenzel-heizung.de\/index.php?rest_route=\/wp\/v2\/users\/1"}],"replies":[{"embeddable":true,"href":"https:\/\/www.wenzel-heizung.de\/index.php?rest_route=%2Fwp%2Fv2%2Fcomments&post=106"}],"version-history":[{"count":23,"href":"https:\/\/www.wenzel-heizung.de\/index.php?rest_route=\/wp\/v2\/pages\/106\/revisions"}],"predecessor-version":[{"id":184,"href":"https:\/\/www.wenzel-heizung.de\/index.php?rest_route=\/wp\/v2\/pages\/106\/revisions\/184"}],"wp:attachment":[{"href":"https:\/\/www.wenzel-heizung.de\/index.php?rest_route=%2Fwp%2Fv2%2Fmedia&parent=106"}],"curies":[{"name":"wp","href":"https:\/\/api.w.org\/{rel}","templated":true}]}}